{"id":17,"date":"2022-01-11T23:15:44","date_gmt":"2022-01-11T22:15:44","guid":{"rendered":"https:\/\/paletti.liam-goodman.de\/spiele\/?page_id=17"},"modified":"2022-01-12T16:38:40","modified_gmt":"2022-01-12T15:38:40","slug":"startseite","status":"publish","type":"page","link":"https:\/\/paletti.liam-goodman.de\/spiele\/","title":{"rendered":"Startseite"},"content":{"rendered":"\n<h2><strong>Liams Lieblinge<\/strong><\/h2>\n\n\n\n<div class=\"wp-block-query\"><ul class=\"wp-block-post-template\"><li>\n<h2 class=\"wp-block-post-title\"><a href=\"https:\/\/paletti.liam-goodman.de\/spiele\/?p=132\" target=\"_self\" rel=\"   \">    <\/a><\/h2>\n\n<div class=\"wp-block-post-excerpt\"><p class=\"wp-block-post-excerpt__excerpt\"> <\/p><\/div>\n\n\n<hr class=\"wp-block-separator\"\/>\n\n<\/li><li>\n<h2 class=\"wp-block-post-title\"><a href=\"https:\/\/paletti.liam-goodman.de\/spiele\/?p=125\" target=\"_self\" rel=\"   \">Balancehocke<\/a><\/h2>\n\n<div class=\"wp-block-post-excerpt\"><p class=\"wp-block-post-excerpt__excerpt\">Kategorie: Partnerspiele\nKinder: 10-40 <\/p><\/div>\n\n\n<hr class=\"wp-block-separator\"\/>\n\n<\/li><li>\n<h2 class=\"wp-block-post-title\"><a href=\"https:\/\/paletti.liam-goodman.de\/spiele\/?p=119\" target=\"_self\" rel=\"   \">\u00c4pfel klauen<\/a><\/h2>\n\n<div class=\"wp-block-post-excerpt\"><p class=\"wp-block-post-excerpt__excerpt\">Kategorie: Laufspiel\nKinder: 10-40 <\/p><\/div>\n\n\n<hr class=\"wp-block-separator\"\/>\n\n<\/li><li>\n<h2 class=\"wp-block-post-title\"><a href=\"https:\/\/paletti.liam-goodman.de\/spiele\/?p=115\" target=\"_self\" rel=\"   \">Ameisenfangen<\/a><\/h2>\n\n<div class=\"wp-block-post-excerpt\"><p class=\"wp-block-post-excerpt__excerpt\">Kategorieu: Fangspiel\nKInder: 10-40 <\/p><\/div>\n\n\n<hr class=\"wp-block-separator\"\/>\n\n<\/li><li>\n<h2 class=\"wp-block-post-title\"><a href=\"https:\/\/paletti.liam-goodman.de\/spiele\/?p=110\" target=\"_self\" rel=\"   \">Akrop\u00e4rchen<\/a><\/h2>\n\n<div class=\"wp-block-post-excerpt\"><p class=\"wp-block-post-excerpt__excerpt\">Kategorie: Akrobatik,Wahrnehmung\nKinder: 10-30 <\/p><\/div>\n\n\n<hr class=\"wp-block-separator\"\/>\n\n<\/li><li>\n<h2 class=\"wp-block-post-title\"><a href=\"https:\/\/paletti.liam-goodman.de\/spiele\/?p=34\" target=\"_self\" rel=\"   \">Ballspiel mit Namen<\/a><\/h2>\n\n<div class=\"wp-block-post-excerpt\"><p class=\"wp-block-post-excerpt__excerpt\">Kategorie: Ballspiel, Namensspiel Kinder: 8-35 Spielidee Bei diesem Spiel wird vor Allem das Werfen und Fangen ge\u00fcbt und zugleich die Namen der anderen Personen gelernt. Dabei wird der Ball von Person zu Person geworfen, ohne eine gewisse Reihenfolge o\u00e4. zu beachten. Durch verschiedene Variationen und Steigerungsformen ist das Spiel f\u00fcr j\u00fcngere und \u00e4ltere Kinder gut &#8230; <a title=\"Ballspiel mit Namen\" class=\"read-more\" href=\"https:\/\/paletti.liam-goodman.de\/spiele\/?p=34\" aria-label=\"More on Ballspiel mit Namen\">Read more<\/a> <\/p><\/div>\n\n\n<hr class=\"wp-block-separator\"\/>\n\n<\/li><li>\n<h2 class=\"wp-block-post-title\"><a href=\"https:\/\/paletti.liam-goodman.de\/spiele\/?p=32\" target=\"_self\" rel=\"   \">Die p\u00fcnktliche Bahn<\/a><\/h2>\n\n<div class=\"wp-block-post-excerpt\"><p class=\"wp-block-post-excerpt__excerpt\"> <\/p><\/div>\n\n\n<hr class=\"wp-block-separator\"\/>\n\n<\/li><li>\n<h2 class=\"wp-block-post-title\"><a href=\"https:\/\/paletti.liam-goodman.de\/spiele\/?p=30\" target=\"_self\" rel=\"   \">Auf die Pl\u00e4tze, fertig, Ball<\/a><\/h2>\n\n<div class=\"wp-block-post-excerpt\"><p class=\"wp-block-post-excerpt__excerpt\"> <\/p><\/div>\n\n\n<hr class=\"wp-block-separator\"\/>\n\n<\/li><li>\n<h2 class=\"wp-block-post-title\"><a href=\"https:\/\/paletti.liam-goodman.de\/spiele\/?p=28\" target=\"_self\" rel=\"   \">Drache und Prinzessin<\/a><\/h2>\n\n<div class=\"wp-block-post-excerpt\"><p class=\"wp-block-post-excerpt__excerpt\"> <\/p><\/div>\n\n\n<hr class=\"wp-block-separator\"\/>\n\n<\/li><li>\n<h2 class=\"wp-block-post-title\"><a href=\"https:\/\/paletti.liam-goodman.de\/spiele\/?p=26\" target=\"_self\" rel=\"   \">Schlappenhockey<\/a><\/h2>\n\n<div class=\"wp-block-post-excerpt\"><p class=\"wp-block-post-excerpt__excerpt\">Kategorie: Ball- und Laufspiele\nKinder: 10-40 <\/p><\/div>\n\n\n<hr class=\"wp-block-separator\"\/>\n\n<\/li><li>\n<h2 class=\"wp-block-post-title\"><a href=\"https:\/\/paletti.liam-goodman.de\/spiele\/?p=24\" target=\"_self\" rel=\"   \">Wir gehen in den Zirkus<\/a><\/h2>\n\n<div class=\"wp-block-post-excerpt\"><p class=\"wp-block-post-excerpt__excerpt\"> <\/p><\/div>\n\n\n<hr class=\"wp-block-separator\"\/>\n\n<\/li><li>\n<h2 class=\"wp-block-post-title\"><a href=\"https:\/\/paletti.liam-goodman.de\/spiele\/?p=22\" target=\"_self\" rel=\"   \">Wandball<\/a><\/h2>\n\n<div class=\"wp-block-post-excerpt\"><p class=\"wp-block-post-excerpt__excerpt\"> <\/p><\/div>\n\n\n<hr class=\"wp-block-separator\"\/>\n\n<\/li><li>\n<h2 class=\"wp-block-post-title\"><a href=\"https:\/\/paletti.liam-goodman.de\/spiele\/?p=1\" target=\"_self\" rel=\"   \">Hello world!<\/a><\/h2>\n\n<div class=\"wp-block-post-excerpt\"><p class=\"wp-block-post-excerpt__excerpt\">Welcome to WordPress. This is your first post. Edit or delete it, then start writing! <\/p><\/div>\n\n\n<hr class=\"wp-block-separator\"\/>\n\n<\/li><\/ul><\/div>\n","protected":false},"excerpt":{"rendered":"<p>Liams Lieblinge<\/p>\n","protected":false},"author":1,"featured_media":0,"parent":0,"menu_order":0,"comment_status":"closed","ping_status":"closed","template":"","meta":[],"_links":{"self":[{"href":"https:\/\/paletti.liam-goodman.de\/spiele\/index.php?rest_route=\/wp\/v2\/pages\/17"}],"collection":[{"href":"https:\/\/paletti.liam-goodman.de\/spiele\/index.php?rest_route=\/wp\/v2\/pages"}],"about":[{"href":"https:\/\/paletti.liam-goodman.de\/spiele\/index.php?rest_route=\/wp\/v2\/types\/page"}],"author":[{"embeddable":true,"href":"https:\/\/paletti.liam-goodman.de\/spiele\/index.php?rest_route=\/wp\/v2\/users\/1"}],"replies":[{"embeddable":true,"href":"https:\/\/paletti.liam-goodman.de\/spiele\/index.php?rest_route=%2Fwp%2Fv2%2Fcomments&post=17"}],"version-history":[{"count":15,"href":"https:\/\/paletti.liam-goodman.de\/spiele\/index.php?rest_route=\/wp\/v2\/pages\/17\/revisions"}],"predecessor-version":[{"id":74,"href":"https:\/\/paletti.liam-goodman.de\/spiele\/index.php?rest_route=\/wp\/v2\/pages\/17\/revisions\/74"}],"wp:attachment":[{"href":"https:\/\/paletti.liam-goodman.de\/spiele\/index.php?rest_route=%2Fwp%2Fv2%2Fmedia&parent=17"}],"curies":[{"name":"wp","href":"https:\/\/api.w.org\/{rel}","templated":true}]}}